{"id":5812,"date":"2022-04-08T14:23:13","date_gmt":"2022-04-08T14:23:13","guid":{"rendered":"http:\/\/don-oscart.forty8ight.com\/?post_type=product&#038;p=5812"},"modified":"2022-04-09T10:16:36","modified_gmt":"2022-04-09T10:16:36","slug":"rose","status":"publish","type":"product","link":"https:\/\/don-oscart.forty8ight.com\/fr\/produit\/rose\/","title":{"rendered":"Ros\u00e9"},"content":{"rendered":"<p>Belle robe saumon\u00e9e orn\u00e9e d'un anneau de perles fines.<br \/>\nMOUSSE, Effervescence et vive. NEZ, Intense, notes fum\u00e9es,<br \/>\nce champagne nous propose un panier de fruits rouges (framboises,<br \/>\ncerises et griottes). BOUCHE Belle vivacit\u00e9, bouche souple en harmonie<br \/>\navec les impressions olfactives (confitures de fruits rouges<br \/>\net de m\u00fbres)<\/p>","protected":false},"excerpt":{"rendered":"<p>La finale est longue.<\/p>\n<p><strong>Region:<\/strong><br \/>\nChampagne<\/p>\n<p><strong>Dosage:<\/strong><br \/>\n8 GR\/LITRE<\/p>\n<p><strong>Degr\u00e9 d'alcool:<\/strong><br \/>\n12\u00b0<\/p>\n<p><b>Temp\u00e9rature<\/b><strong> de service :<\/strong><br \/>\n8\u00b0C<\/p>","protected":false},"featured_media":5808,"comment_status":"open","ping_status":"closed","template":"","meta":[],"etheme_brands":[],"product_cat":[35],"product_tag":[80,78,81,79,82],"class_list":["post-5812","product","type-product","status-publish","has-post-thumbnail","hentry","product_cat-champagne","product_tag-champagne","product_tag-don","product_tag-don-oscart","product_tag-oscart","product_tag-rose"],"_links":{"self":[{"href":"https:\/\/don-oscart.forty8ight.com\/fr\/wp-json\/wp\/v2\/product\/5812","targetHints":{"allow":["GET"]}}],"collection":[{"href":"https:\/\/don-oscart.forty8ight.com\/fr\/wp-json\/wp\/v2\/product"}],"about":[{"href":"https:\/\/don-oscart.forty8ight.com\/fr\/wp-json\/wp\/v2\/types\/product"}],"replies":[{"embeddable":true,"href":"https:\/\/don-oscart.forty8ight.com\/fr\/wp-json\/wp\/v2\/comments?post=5812"}],"wp:featuredmedia":[{"embeddable":true,"href":"https:\/\/don-oscart.forty8ight.com\/fr\/wp-json\/wp\/v2\/media\/5808"}],"wp:attachment":[{"href":"https:\/\/don-oscart.forty8ight.com\/fr\/wp-json\/wp\/v2\/media?parent=5812"}],"wp:term":[{"taxonomy":"brand","embeddable":true,"href":"https:\/\/don-oscart.forty8ight.com\/fr\/wp-json\/wp\/v2\/etheme_brands?post=5812"},{"taxonomy":"product_cat","embeddable":true,"href":"https:\/\/don-oscart.forty8ight.com\/fr\/wp-json\/wp\/v2\/product_cat?post=5812"},{"taxonomy":"product_tag","embeddable":true,"href":"https:\/\/don-oscart.forty8ight.com\/fr\/wp-json\/wp\/v2\/product_tag?post=5812"}],"curies":[{"name":"wp","href":"https:\/\/api.w.org\/{rel}","templated":true}]}}