{"id":5809,"date":"2022-04-08T13:59:02","date_gmt":"2022-04-08T13:59:02","guid":{"rendered":"http:\/\/don-oscart.forty8ight.com\/?post_type=product&#038;p=5809"},"modified":"2022-04-09T10:12:07","modified_gmt":"2022-04-09T10:12:07","slug":"blanc-de-blancs","status":"publish","type":"product","link":"https:\/\/don-oscart.forty8ight.com\/fr\/produit\/blanc-de-blancs\/","title":{"rendered":"Blanc De Blancs"},"content":{"rendered":"<p>Issue de raisins s\u00e9lectionn\u00e9s \u00e0 la vigne et seule<br \/>\nla premi\u00e8re presse appel\u00e9e \u00ab la Cuv\u00e9e \u00bb est utilis\u00e9e pour son<br \/>\n\u00e9laboration. L'\u00e9levage en f\u00fbt plusieurs mois permet une micro-<br \/>\noxyg\u00e9nation qui apporte une l\u00e9g\u00e8re note bois\u00e9e en bouche. Elle est<br \/>\ns\u00e9duisante et subtile comme son nom.<\/p>","protected":false},"excerpt":{"rendered":"<p>Vieillie au minimum 4 ans dans nos caves.<\/p>\n<p><strong>Region:<\/strong><br \/>\nChampagne<\/p>\n<p><strong>Dosage:<\/strong><br \/>\n2 GR\/LITRE ET O GR\/LITRE<\/p>\n<p><strong>Degr\u00e9 d'alcool:<\/strong><br \/>\n12\u00b0<\/p>\n<p><b>Temp\u00e9rature<\/b><strong> de service :<\/strong><br \/>\n8\u00b0C<\/p>","protected":false},"featured_media":5806,"comment_status":"open","ping_status":"closed","template":"","meta":[],"etheme_brands":[],"product_cat":[35],"product_tag":[76,77,80,78,81,79],"class_list":["post-5809","product","type-product","status-publish","has-post-thumbnail","hentry","product_cat-champagne","product_tag-blanc","product_tag-blancs","product_tag-champagne","product_tag-don","product_tag-don-oscart","product_tag-oscart"],"_links":{"self":[{"href":"https:\/\/don-oscart.forty8ight.com\/fr\/wp-json\/wp\/v2\/product\/5809","targetHints":{"allow":["GET"]}}],"collection":[{"href":"https:\/\/don-oscart.forty8ight.com\/fr\/wp-json\/wp\/v2\/product"}],"about":[{"href":"https:\/\/don-oscart.forty8ight.com\/fr\/wp-json\/wp\/v2\/types\/product"}],"replies":[{"embeddable":true,"href":"https:\/\/don-oscart.forty8ight.com\/fr\/wp-json\/wp\/v2\/comments?post=5809"}],"wp:featuredmedia":[{"embeddable":true,"href":"https:\/\/don-oscart.forty8ight.com\/fr\/wp-json\/wp\/v2\/media\/5806"}],"wp:attachment":[{"href":"https:\/\/don-oscart.forty8ight.com\/fr\/wp-json\/wp\/v2\/media?parent=5809"}],"wp:term":[{"taxonomy":"brand","embeddable":true,"href":"https:\/\/don-oscart.forty8ight.com\/fr\/wp-json\/wp\/v2\/etheme_brands?post=5809"},{"taxonomy":"product_cat","embeddable":true,"href":"https:\/\/don-oscart.forty8ight.com\/fr\/wp-json\/wp\/v2\/product_cat?post=5809"},{"taxonomy":"product_tag","embeddable":true,"href":"https:\/\/don-oscart.forty8ight.com\/fr\/wp-json\/wp\/v2\/product_tag?post=5809"}],"curies":[{"name":"wp","href":"https:\/\/api.w.org\/{rel}","templated":true}]}}